{"id":15,"date":"2018-01-09T09:44:05","date_gmt":"2018-01-09T08:44:05","guid":{"rendered":"http:\/\/kshol.hasici-ol.cz\/?page_id=15"},"modified":"2023-08-21T09:44:18","modified_gmt":"2023-08-21T07:44:18","slug":"uvod","status":"publish","type":"page","link":"https:\/\/kshol.hasici-ol.cz\/","title":{"rendered":"\u00davod"},"content":{"rendered":"<p><span style=\"color: #000000;\">P\u0159\u00edjemn\u00fd den, pr\u00e1v\u011b jste vstoupili na str\u00e1nky, kter\u00e9 jsou ofici\u00e1ln\u00edmi str\u00e1nkami SH \u010cMS &#8211; Krajsk\u00e9ho sdru\u017een\u00ed hasi\u010d\u016f Olomouck\u00e9ho kraje. <\/span><span style=\"color: #000000;\">Krajsk\u00e9 sdru\u017een\u00ed hasi\u010d\u016f Olomouck\u00e9ho kraje&nbsp; je ob\u010dansk\u00e9 sdru\u017een\u00ed, kter\u00e9 bylo ustaveno 10. dubna roku 2001 a <\/span><span style=\"color: #000000;\">soust\u0159ed\u00ed pod sebe 5 okresn\u00edch sdru\u017een\u00ed hasi\u010d\u016f &#8211; OSH Jesen\u00edk, OSH Olomouc, OSH Prost\u011bjov, OSH P\u0159erov a OSH \u0160umperk. Celkov\u00fd po\u010det dobrovoln\u00fdch hasi\u010d\u016f KSH Ol. kraje se pohybuje kolem 24 tis\u00edc \u010dlen\u016f.<\/span><\/p>\n<p>Org\u00e1nem je V\u00fdkonn\u00fd v\u00fdbor KSH slo\u017een\u00fd z jednotliv\u00fdch starost\u016f Okresn\u00edch sdru\u017een\u00ed. Tito \u010dlenov\u00e9 ze sv\u00fdch \u0159ad vol\u00ed starostu Krajsk\u00e9ho sdru\u017een\u00ed hasi\u010d\u016f podle platn\u00fdch Stanov Sdru\u017een\u00ed hasi\u010d\u016f \u010cech, Moravy a Slezska, schv\u00e1len\u00fdch 2. \u0159\u00e1dn\u00fdm sjezdem SH&nbsp;\u010cMS&nbsp; v \u010dervenci roku 2000. V\u00fdkonn\u00fd v\u00fdbor KSH v \u010dele se sv\u00fdm starostou je volen na p\u011btilet\u00e9 obdob\u00ed. Prvn\u00edm starostou KSH byl zvolen na ustavuj\u00edc\u00ed sch\u016fzi KSH br. Zden\u011bk Ivan, b\u00fdval\u00fd starosta OSH Prost\u011bjov. V n\u00e1sleduj\u00edc\u00edm obdob\u00ed funkci starosty vykon\u00e1val br. Lud\u011bk S\u00fdkora, starosta OSH Olomouc. V roce 2010 byla na jedn\u00e1n\u00ed Shrom\u00e1\u017ed\u011bn\u00ed p\u0159edstavitel\u016f Okresn\u00edch sdru\u017een\u00ed hasi\u010d\u016f Olomouck\u00e9ho kraje, 6.dubna, zvolena starostkou se. D\u00e1\u0161a Bartkov\u00e1, starostka OSH Jesen\u00edk. V dubnu 2015 byla starostkou KSH zvolena se. Vlastimila \u0160vubov\u00e1, starostka OSH Olomouc.<\/p>\n<p><span style=\"color: #000000;\"><strong>Kancel\u00e1\u0159 KSH Olomouck\u00e9ho kraje <\/strong><strong>se nach\u00e1z\u00ed v budov\u011b krajsk\u00e9ho \u0159editelstv\u00ed HZS Olomouck\u00e9ho kraje (Schweitzerova 91, Olomouc) \u2013 hlavn\u00edm vchodem okolo dozor\u010d\u00edho druh\u00e9 dve\u0159e vpravo (naproti schodi\u0161ti) . <\/strong>Pro ve\u0159ejnost je kancel\u00e1\u0159 otev\u0159ena v\u017edy v pond\u011bl\u00ed a ve st\u0159edu od 9.00 do 17.00 hod. (12:00 a\u017e 13:00 poledn\u00ed p\u0159est\u00e1vka),&nbsp; ostatn\u00ed dny po telefonick\u00e9 domluv\u011b. <strong>Telefon do kancel\u00e1\u0159e \u2013 737 908 221 (V. \u0160vubov\u00e1), pevn\u00e1 linka 950 770 690<\/strong>. K&nbsp;zas\u00edl\u00e1n\u00ed \u010di z\u00edsk\u00e1n\u00ed informac\u00ed lze vyu\u017e\u00edt i emailovou adresu<\/span> <strong><a href=\"mailto:kshol.kr@seznam.cz\"><span style=\"color: #000000;\">kshol.kr@seznam.cz<\/span><\/a><\/strong><\/p>\n","protected":false},"excerpt":{"rendered":"<p>P\u0159\u00edjemn\u00fd den, pr\u00e1v\u011b jste vstoupili na str\u00e1nky, kter\u00e9 jsou ofici\u00e1ln\u00edmi str\u00e1nkami SH \u010cMS &#8211; Krajsk\u00e9ho sdru\u017een\u00ed hasi\u010d\u016f Olomouck\u00e9ho kraje. Krajsk\u00e9 sdru\u017een\u00ed hasi\u010d\u016f Olomouck\u00e9ho kraje&nbsp; je ob\u010dansk\u00e9 sdru\u017een\u00ed, kter\u00e9 bylo ustaveno 10. dubna roku 2001 a soust\u0159ed\u00ed pod sebe 5 okresn\u00edch sdru\u017een\u00ed hasi\u010d\u016f &#8211; OSH Jesen\u00edk, OSH Olomouc, OSH Prost\u011bjov, OSH P\u0159erov a OSH \u0160umperk. Celkov\u00fd po\u010det dobrovoln\u00fdch hasi\u010d\u016f KSH Ol. [&hellip;]<\/p>\n","protected":false},"author":1,"featured_media":0,"parent":0,"menu_order":1,"comment_status":"closed","ping_status":"closed","template":"","meta":{"footnotes":""},"class_list":["post-15","page","type-page","status-publish","hentry"],"_links":{"self":[{"href":"https:\/\/kshol.hasici-ol.cz\/index.php\/wp-json\/wp\/v2\/pages\/15","targetHints":{"allow":["GET"]}}],"collection":[{"href":"https:\/\/kshol.hasici-ol.cz\/index.php\/wp-json\/wp\/v2\/pages"}],"about":[{"href":"https:\/\/kshol.hasici-ol.cz\/index.php\/wp-json\/wp\/v2\/types\/page"}],"author":[{"embeddable":true,"href":"https:\/\/kshol.hasici-ol.cz\/index.php\/wp-json\/wp\/v2\/users\/1"}],"replies":[{"embeddable":true,"href":"https:\/\/kshol.hasici-ol.cz\/index.php\/wp-json\/wp\/v2\/comments?post=15"}],"version-history":[{"count":11,"href":"https:\/\/kshol.hasici-ol.cz\/index.php\/wp-json\/wp\/v2\/pages\/15\/revisions"}],"predecessor-version":[{"id":458,"href":"https:\/\/kshol.hasici-ol.cz\/index.php\/wp-json\/wp\/v2\/pages\/15\/revisions\/458"}],"wp:attachment":[{"href":"https:\/\/kshol.hasici-ol.cz\/index.php\/wp-json\/wp\/v2\/media?parent=15"}],"curies":[{"name":"wp","href":"https:\/\/api.w.org\/{rel}","templated":true}]}}