{"id":20,"date":"2018-01-09T09:46:34","date_gmt":"2018-01-09T08:46:34","guid":{"rendered":"http:\/\/kshol.hasici-ol.cz\/?page_id=20"},"modified":"2026-04-08T10:41:34","modified_gmt":"2026-04-08T08:41:34","slug":"aktualne","status":"publish","type":"page","link":"https:\/\/kshol.hasici-ol.cz\/index.php\/aktualne\/","title":{"rendered":"Aktu\u00e1ln\u011b"},"content":{"rendered":"<hr \/>\n<p><span style=\"color: #003366;\"><strong>Podpora Olomouck\u00e9ho kraje v roce 2025:<\/strong><\/span><\/p>\n<p><img loading=\"lazy\" decoding=\"async\" class=\"alignnone wp-image-105\" src=\"https:\/\/kshol.hasici-ol.cz\/wp-content\/uploads\/2018\/01\/logo-OK-300x108.jpg\" alt=\"\" width=\"255\" height=\"92\" srcset=\"https:\/\/kshol.hasici-ol.cz\/wp-content\/uploads\/2018\/01\/logo-OK-300x108.jpg 300w, https:\/\/kshol.hasici-ol.cz\/wp-content\/uploads\/2018\/01\/logo-OK-768x276.jpg 768w, https:\/\/kshol.hasici-ol.cz\/wp-content\/uploads\/2018\/01\/logo-OK-1024x369.jpg 1024w\" sizes=\"auto, (max-width: 255px) 100vw, 255px\" \/><\/p>\n<p><span style=\"color: #000000;\">V roce 2025 Olomouck\u00fd kraj v\u00fdrazn\u011b podpo\u0159il \u010dinnost Krajsk\u00e9ho sdru\u017een\u00ed hasi\u010d\u016f Olomouck\u00e9ho kraje. Z dotace byly podpo\u0159eny projekty: <\/span><\/p>\n<p><em><span style=\"color: #000000;\">zabezpe\u010den\u00ed chodu kancel\u00e1\u0159e a jejich pracovn\u00edk\u016f, <\/span><span style=\"color: #000000;\">sout\u011b\u017e Po\u017e\u00e1rn\u00ed ochrana o\u010dima d\u011bt\u00ed a ostatn\u00ed pot\u0159ebn\u00e9 materi\u00e1ln\u00ed vybaven\u00ed.<\/span><\/em><\/p>\n<p><span style=\"color: #000000;\">Za tuto podporu nesm\u00edrn\u011b d\u011bkujeme a v\u00e1\u017e\u00edme si vz\u00e1jemn\u00e9 spolupr\u00e1ce.<\/span><\/p>\n","protected":false},"excerpt":{"rendered":"<p>Podpora Olomouck\u00e9ho kraje v roce 2025: V roce 2025 Olomouck\u00fd kraj v\u00fdrazn\u011b podpo\u0159il \u010dinnost Krajsk\u00e9ho sdru\u017een\u00ed hasi\u010d\u016f Olomouck\u00e9ho kraje. Z dotace byly podpo\u0159eny projekty: zabezpe\u010den\u00ed chodu kancel\u00e1\u0159e a jejich pracovn\u00edk\u016f, sout\u011b\u017e Po\u017e\u00e1rn\u00ed ochrana o\u010dima d\u011bt\u00ed a ostatn\u00ed pot\u0159ebn\u00e9 materi\u00e1ln\u00ed vybaven\u00ed. Za tuto podporu nesm\u00edrn\u011b d\u011bkujeme a v\u00e1\u017e\u00edme si vz\u00e1jemn\u00e9 spolupr\u00e1ce.<\/p>\n","protected":false},"author":1,"featured_media":0,"parent":0,"menu_order":2,"comment_status":"closed","ping_status":"closed","template":"","meta":{"footnotes":""},"class_list":["post-20","page","type-page","status-publish","hentry"],"_links":{"self":[{"href":"https:\/\/kshol.hasici-ol.cz\/index.php\/wp-json\/wp\/v2\/pages\/20","targetHints":{"allow":["GET"]}}],"collection":[{"href":"https:\/\/kshol.hasici-ol.cz\/index.php\/wp-json\/wp\/v2\/pages"}],"about":[{"href":"https:\/\/kshol.hasici-ol.cz\/index.php\/wp-json\/wp\/v2\/types\/page"}],"author":[{"embeddable":true,"href":"https:\/\/kshol.hasici-ol.cz\/index.php\/wp-json\/wp\/v2\/users\/1"}],"replies":[{"embeddable":true,"href":"https:\/\/kshol.hasici-ol.cz\/index.php\/wp-json\/wp\/v2\/comments?post=20"}],"version-history":[{"count":53,"href":"https:\/\/kshol.hasici-ol.cz\/index.php\/wp-json\/wp\/v2\/pages\/20\/revisions"}],"predecessor-version":[{"id":523,"href":"https:\/\/kshol.hasici-ol.cz\/index.php\/wp-json\/wp\/v2\/pages\/20\/revisions\/523"}],"wp:attachment":[{"href":"https:\/\/kshol.hasici-ol.cz\/index.php\/wp-json\/wp\/v2\/media?parent=20"}],"curies":[{"name":"wp","href":"https:\/\/api.w.org\/{rel}","templated":true}]}}