{"id":62,"date":"2018-01-10T08:50:24","date_gmt":"2018-01-10T07:50:24","guid":{"rendered":"http:\/\/kshol.hasici-ol.cz\/?page_id=62"},"modified":"2018-01-25T15:40:51","modified_gmt":"2018-01-25T14:40:51","slug":"organy-ksh","status":"publish","type":"page","link":"https:\/\/kshol.hasici-ol.cz\/index.php\/organy-ksh\/","title":{"rendered":"Org\u00e1ny KSH"},"content":{"rendered":"<div class=\"entry\">\n<p><span style=\"color: #000000;\">V sekci \u201eOrg\u00e1ny KSH\u201c jsou podrobn\u011b v jednotliv\u00fdch pododd\u00edlech p\u0159edstaveny krajsk\u00e9 odborn\u00e9 rady a to jejich slo\u017een\u00ed, z\u00e1pisy z jejich jedn\u00e1n\u00ed a ro\u010dn\u00ed zpr\u00e1vy rad. Dan\u00e9 zkratky p\u0159edstavuj\u00ed:<\/span><\/p>\n<p><span style=\"color: #000000;\">VV &#8211; v\u00fdkonn\u00fd v\u00fdbor<\/span><\/p>\n<p><span style=\"color: #000000;\">KORR \u2013 krajsk\u00e1 odborn\u00e1 rada represe<\/span><\/p>\n<p><span style=\"color: #000000;\">KORP \u2013 krajsk\u00e1 odborn\u00e1 rada prevence<\/span><\/p>\n<p><span style=\"color: #000000;\">KORM \u2013 krajsk\u00e1 odborn\u00e1 rada ml\u00e1de\u017ee<\/span><\/p>\n<p><span style=\"color: #000000;\">KKRR \u2013 krajsk\u00e1 kontroln\u00ed a revizn\u00ed rada<\/span><\/p>\n<p><span style=\"color: #000000;\">KAZH \u2013 krajsk\u00fd aktiv Zaslou\u017eil\u00fdch hasi\u010d\u016f<\/span><\/p>\n<\/div>\n","protected":false},"excerpt":{"rendered":"<p>V sekci \u201eOrg\u00e1ny KSH\u201c jsou podrobn\u011b v jednotliv\u00fdch pododd\u00edlech p\u0159edstaveny krajsk\u00e9 odborn\u00e9 rady a to jejich slo\u017een\u00ed, z\u00e1pisy z jejich jedn\u00e1n\u00ed a ro\u010dn\u00ed zpr\u00e1vy rad. Dan\u00e9 zkratky p\u0159edstavuj\u00ed: VV &#8211; v\u00fdkonn\u00fd v\u00fdbor KORR \u2013 krajsk\u00e1 odborn\u00e1 rada represe KORP \u2013 krajsk\u00e1 odborn\u00e1 rada prevence KORM \u2013 krajsk\u00e1 odborn\u00e1 rada ml\u00e1de\u017ee KKRR \u2013 krajsk\u00e1 kontroln\u00ed a revizn\u00ed rada KAZH \u2013 krajsk\u00fd [&hellip;]<\/p>\n","protected":false},"author":1,"featured_media":0,"parent":0,"menu_order":3,"comment_status":"closed","ping_status":"closed","template":"","meta":{"footnotes":""},"class_list":["post-62","page","type-page","status-publish","hentry"],"_links":{"self":[{"href":"https:\/\/kshol.hasici-ol.cz\/index.php\/wp-json\/wp\/v2\/pages\/62","targetHints":{"allow":["GET"]}}],"collection":[{"href":"https:\/\/kshol.hasici-ol.cz\/index.php\/wp-json\/wp\/v2\/pages"}],"about":[{"href":"https:\/\/kshol.hasici-ol.cz\/index.php\/wp-json\/wp\/v2\/types\/page"}],"author":[{"embeddable":true,"href":"https:\/\/kshol.hasici-ol.cz\/index.php\/wp-json\/wp\/v2\/users\/1"}],"replies":[{"embeddable":true,"href":"https:\/\/kshol.hasici-ol.cz\/index.php\/wp-json\/wp\/v2\/comments?post=62"}],"version-history":[{"count":4,"href":"https:\/\/kshol.hasici-ol.cz\/index.php\/wp-json\/wp\/v2\/pages\/62\/revisions"}],"predecessor-version":[{"id":131,"href":"https:\/\/kshol.hasici-ol.cz\/index.php\/wp-json\/wp\/v2\/pages\/62\/revisions\/131"}],"wp:attachment":[{"href":"https:\/\/kshol.hasici-ol.cz\/index.php\/wp-json\/wp\/v2\/media?parent=62"}],"curies":[{"name":"wp","href":"https:\/\/api.w.org\/{rel}","templated":true}]}}