{"id":64,"date":"2018-01-10T08:50:53","date_gmt":"2018-01-10T07:50:53","guid":{"rendered":"http:\/\/kshol.hasici-ol.cz\/?page_id=64"},"modified":"2026-04-08T10:37:29","modified_gmt":"2026-04-08T08:37:29","slug":"vv-ksh","status":"publish","type":"page","link":"https:\/\/kshol.hasici-ol.cz\/index.php\/organy-ksh\/vv-ksh\/","title":{"rendered":"VV KSH"},"content":{"rendered":"<p><strong><span style=\"color: #ff0000;\">Slo\u017een\u00ed v\u00fdkonn\u00e9ho v\u00fdboru KSH Olomouck\u00e9ho kraje:<\/span><\/strong><\/p>\n<p><span style=\"color: #000000;\"><strong>\u0160vubov\u00e1 Vlastimila<\/strong> &#8211; starostka<br \/>\n<\/span><span style=\"color: #000000;\"><strong>Proke\u0161 Alois<\/strong> &#8211; 1. n\u00e1m\u011bstek (OSH P\u0159erov)<br \/>\n<\/span><span style=\"color: #000000;\"><strong>B\u00e1rtkov\u00e1 D\u00e1\u0161a<\/strong> &#8211; 2. n\u00e1m\u011bstek (OSH Jesen\u00edk)<br \/>\n<\/span><span style=\"color: #000000;\"><strong>Bc. Labaj \u0160tefan<\/strong> (OSH Jesen\u00edk)<br \/>\n<\/span><span style=\"color: #000000;\"><strong>Ing. Pluh\u00e1\u010dek Luk\u00e1\u0161<\/strong> (OSH Olomouc)<br \/>\n<\/span><span style=\"color: #000000;\"><strong>Dost\u00e1l Mojm\u00edr<\/strong> &#8211; vedouc\u00ed KORP (OSH Olomouc)<br \/>\n<\/span><span style=\"color: #000000; font-size: inherit;\"><strong>Andr\u00fdsek Leopold<\/strong> &#8211; vedouc\u00ed KORR (OSH P\u0159erov)<br \/>\n<\/span><span style=\"color: #000000; font-size: inherit;\"><span style=\"color: #000000;\"><b>Ladislav Biskup<\/b> (OSH P\u0159erov)<br \/>\n<\/span><\/span><span style=\"color: #000000;\"><strong>Brabec Jan<\/strong> (OSH Prost\u011bjov)<\/span><span style=\"color: #000000;\"><br \/>\n<\/span><span style=\"color: #000000;\"><strong>Sobotkov\u00e1 Milena<\/strong> &#8211; vedouc\u00ed KORM (OSH \u0160umperk)<br \/>\n<\/span><span style=\"color: #000000;\"><strong>Vl\u010dek Martin<\/strong> (OSH \u0160umperk)<\/span><\/p>\n<p><span style=\"color: #000000;\"><strong><a style=\"color: #000000;\" href=\"https:\/\/kshol.hasici-ol.cz\/wp-content\/uploads\/2021\/05\/SLOZENI-VYKONNEHO-VYBORU-KSH-OLK.pdf\">SLO\u017dEN\u00cd V\u00ddKONN\u00c9HO V\u00ddBORU KSH OLK 2021-2025<\/a><\/strong><\/span><\/p>\n","protected":false},"excerpt":{"rendered":"<p>Slo\u017een\u00ed v\u00fdkonn\u00e9ho v\u00fdboru KSH Olomouck\u00e9ho kraje: \u0160vubov\u00e1 Vlastimila &#8211; starostka Proke\u0161 Alois &#8211; 1. n\u00e1m\u011bstek (OSH P\u0159erov) B\u00e1rtkov\u00e1 D\u00e1\u0161a &#8211; 2. n\u00e1m\u011bstek (OSH Jesen\u00edk) Bc. Labaj \u0160tefan (OSH Jesen\u00edk) Ing. Pluh\u00e1\u010dek Luk\u00e1\u0161 (OSH Olomouc) Dost\u00e1l Mojm\u00edr &#8211; vedouc\u00ed KORP (OSH Olomouc) Andr\u00fdsek Leopold &#8211; vedouc\u00ed KORR (OSH P\u0159erov) Ladislav Biskup (OSH P\u0159erov) Brabec Jan (OSH Prost\u011bjov) Sobotkov\u00e1 Milena &#8211; vedouc\u00ed [&hellip;]<\/p>\n","protected":false},"author":1,"featured_media":0,"parent":62,"menu_order":1,"comment_status":"closed","ping_status":"closed","template":"","meta":{"footnotes":""},"class_list":["post-64","page","type-page","status-publish","hentry"],"_links":{"self":[{"href":"https:\/\/kshol.hasici-ol.cz\/index.php\/wp-json\/wp\/v2\/pages\/64","targetHints":{"allow":["GET"]}}],"collection":[{"href":"https:\/\/kshol.hasici-ol.cz\/index.php\/wp-json\/wp\/v2\/pages"}],"about":[{"href":"https:\/\/kshol.hasici-ol.cz\/index.php\/wp-json\/wp\/v2\/types\/page"}],"author":[{"embeddable":true,"href":"https:\/\/kshol.hasici-ol.cz\/index.php\/wp-json\/wp\/v2\/users\/1"}],"replies":[{"embeddable":true,"href":"https:\/\/kshol.hasici-ol.cz\/index.php\/wp-json\/wp\/v2\/comments?post=64"}],"version-history":[{"count":14,"href":"https:\/\/kshol.hasici-ol.cz\/index.php\/wp-json\/wp\/v2\/pages\/64\/revisions"}],"predecessor-version":[{"id":522,"href":"https:\/\/kshol.hasici-ol.cz\/index.php\/wp-json\/wp\/v2\/pages\/64\/revisions\/522"}],"up":[{"embeddable":true,"href":"https:\/\/kshol.hasici-ol.cz\/index.php\/wp-json\/wp\/v2\/pages\/62"}],"wp:attachment":[{"href":"https:\/\/kshol.hasici-ol.cz\/index.php\/wp-json\/wp\/v2\/media?parent=64"}],"curies":[{"name":"wp","href":"https:\/\/api.w.org\/{rel}","templated":true}]}}