{"id":66,"date":"2018-01-10T08:51:15","date_gmt":"2018-01-10T07:51:15","guid":{"rendered":"http:\/\/kshol.hasici-ol.cz\/?page_id=66"},"modified":"2021-04-27T11:21:54","modified_gmt":"2021-04-27T09:21:54","slug":"korr","status":"publish","type":"page","link":"https:\/\/kshol.hasici-ol.cz\/index.php\/organy-ksh\/korr\/","title":{"rendered":"KORR"},"content":{"rendered":"<p><span style=\"color: #ff0000;\"><strong>Slo\u017een\u00ed KORR:<\/strong><\/span><\/p>\n<p><span style=\"color: #000000;\">Leopold Andr\u00fdsek &#8211; vedouc\u00ed KORR (OSH P\u0159erov)<br \/>\n<\/span><\/p>\n<p><span style=\"color: #000000;\">Bc. \u0160tefan Labaj (OSH Jesen\u00edk)<br \/>\n<\/span><\/p>\n<p><span style=\"color: #000000;\">Josef Nov\u00e1k (OSH Prost\u011bjov)<\/span><\/p>\n<p><span style=\"color: #000000;\">Petr Strnad (OSH \u0160umperk)<br \/>\n<\/span><\/p>\n<p><span style=\"color: #000000;\">Ing. Miroslav Charv\u00e1t (OSH Olomouc)<br \/>\n<\/span><\/p>\n<h4><\/h4>\n<h4><strong>2019<\/strong><\/h4>\n<p><span style=\"color: #800000;\"><strong><a style=\"color: #800000;\" href=\"https:\/\/kshol.hasici-ol.cz\/wp-content\/uploads\/2020\/06\/Zpr\u00e1va-KORR-za-rok-2018-pl\u00e1n-pr\u00e1ce-2019.pdf\">Zpr\u00e1va KORR za rok 2018 + pl\u00e1n pr\u00e1ce 2019<\/a><\/strong><\/span><\/p>\n<h4><strong>2018<\/strong><\/h4>\n<p><a href=\"https:\/\/kshol.hasici-ol.cz\/wp-content\/uploads\/2018\/02\/Zpr\u00e1va-o-\u010dinnosti-2017-KORR.pdf\" target=\"_blank\" rel=\"noopener\"><strong><span style=\"color: #800000;\">Zpr\u00e1va o \u010dinnosti 2017 KORR<\/span><\/strong><\/a><\/p>\n<p><a href=\"https:\/\/kshol.hasici-ol.cz\/wp-content\/uploads\/2018\/02\/Pl\u00e1n-pr\u00e1ce-2018-KORR.pdf\" target=\"_blank\" rel=\"noopener\"><span style=\"color: #800000;\"><strong>Pl\u00e1n pr\u00e1ce 2018 KORR<\/strong><\/span><\/a><\/p>\n","protected":false},"excerpt":{"rendered":"<p>Slo\u017een\u00ed KORR: Leopold Andr\u00fdsek &#8211; vedouc\u00ed KORR (OSH P\u0159erov) Bc. \u0160tefan Labaj (OSH Jesen\u00edk) Josef Nov\u00e1k (OSH Prost\u011bjov) Petr Strnad (OSH \u0160umperk) Ing. Miroslav Charv\u00e1t (OSH Olomouc) 2019 Zpr\u00e1va KORR za rok 2018 + pl\u00e1n pr\u00e1ce 2019 2018 Zpr\u00e1va o \u010dinnosti 2017 KORR Pl\u00e1n pr\u00e1ce 2018 KORR<\/p>\n","protected":false},"author":1,"featured_media":0,"parent":62,"menu_order":2,"comment_status":"closed","ping_status":"closed","template":"","meta":{"footnotes":""},"class_list":["post-66","page","type-page","status-publish","hentry"],"_links":{"self":[{"href":"https:\/\/kshol.hasici-ol.cz\/index.php\/wp-json\/wp\/v2\/pages\/66","targetHints":{"allow":["GET"]}}],"collection":[{"href":"https:\/\/kshol.hasici-ol.cz\/index.php\/wp-json\/wp\/v2\/pages"}],"about":[{"href":"https:\/\/kshol.hasici-ol.cz\/index.php\/wp-json\/wp\/v2\/types\/page"}],"author":[{"embeddable":true,"href":"https:\/\/kshol.hasici-ol.cz\/index.php\/wp-json\/wp\/v2\/users\/1"}],"replies":[{"embeddable":true,"href":"https:\/\/kshol.hasici-ol.cz\/index.php\/wp-json\/wp\/v2\/comments?post=66"}],"version-history":[{"count":12,"href":"https:\/\/kshol.hasici-ol.cz\/index.php\/wp-json\/wp\/v2\/pages\/66\/revisions"}],"predecessor-version":[{"id":308,"href":"https:\/\/kshol.hasici-ol.cz\/index.php\/wp-json\/wp\/v2\/pages\/66\/revisions\/308"}],"up":[{"embeddable":true,"href":"https:\/\/kshol.hasici-ol.cz\/index.php\/wp-json\/wp\/v2\/pages\/62"}],"wp:attachment":[{"href":"https:\/\/kshol.hasici-ol.cz\/index.php\/wp-json\/wp\/v2\/media?parent=66"}],"curies":[{"name":"wp","href":"https:\/\/api.w.org\/{rel}","templated":true}]}}