{"id":68,"date":"2018-01-10T08:51:37","date_gmt":"2018-01-10T07:51:37","guid":{"rendered":"http:\/\/kshol.hasici-ol.cz\/?page_id=68"},"modified":"2021-04-27T11:22:59","modified_gmt":"2021-04-27T09:22:59","slug":"korp","status":"publish","type":"page","link":"https:\/\/kshol.hasici-ol.cz\/index.php\/organy-ksh\/korp\/","title":{"rendered":"KORP"},"content":{"rendered":"<p><span style=\"color: #ff0000;\"><strong>Slo\u017een\u00ed KORP:<\/strong><\/span><\/p>\n<p><span style=\"color: #000000;\">Mojm\u00edr Dost\u00e1l &#8211; vedouc\u00ed KORP (OSH Olomouc)<br \/>\n<\/span><\/p>\n<p><span style=\"color: #000000;\">Milan Hin\u0161t (OSH Jesen\u00edk)<br \/>\n<\/span><\/p>\n<p><span style=\"color: #000000;\">Jan Ot\u00e1hal (OSH P\u0159erov)<br \/>\n<\/span><\/p>\n<p><span style=\"color: #000000;\">Ivo Hynek (OSH Prost\u011bjov)<\/span><\/p>\n<h4><strong>2019<\/strong><\/h4>\n<p><span style=\"color: #800000;\"><strong><a style=\"color: #800000;\" href=\"https:\/\/kshol.hasici-ol.cz\/wp-content\/uploads\/2020\/06\/Pl\u00e1n-\u010dinnosti-KORP-2019.pdf\">Pl\u00e1n pr\u00e1ce na rok 2019<\/a><\/strong><\/span><\/p>\n<p><strong><span style=\"color: #800000;\"><a style=\"color: #800000;\" href=\"https:\/\/kshol.hasici-ol.cz\/wp-content\/uploads\/2020\/06\/Zprava-KORP-2018.pdf\">Zpr\u00e1va o \u010dinnosti KORP 2018<\/a><\/span><\/strong><\/p>\n<h4><strong>2018<\/strong><\/h4>\n<p><a href=\"https:\/\/kshol.hasici-ol.cz\/wp-content\/uploads\/2018\/02\/Zpr\u00e1va-o-\u010dinnosti-KORP-2017-Pl\u00e1n-pr\u00e1ce-2018.pdf\" target=\"_blank\" rel=\"noopener\"><span style=\"color: #800000;\"><strong>Zpr\u00e1va o \u010dinnosti KORP 2017 + Pl\u00e1n pr\u00e1ce 2018<\/strong><\/span><\/a><\/p>\n","protected":false},"excerpt":{"rendered":"<p>Slo\u017een\u00ed KORP: Mojm\u00edr Dost\u00e1l &#8211; vedouc\u00ed KORP (OSH Olomouc) Milan Hin\u0161t (OSH Jesen\u00edk) Jan Ot\u00e1hal (OSH P\u0159erov) Ivo Hynek (OSH Prost\u011bjov) 2019 Pl\u00e1n pr\u00e1ce na rok 2019 Zpr\u00e1va o \u010dinnosti KORP 2018 2018 Zpr\u00e1va o \u010dinnosti KORP 2017 + Pl\u00e1n pr\u00e1ce 2018<\/p>\n","protected":false},"author":1,"featured_media":0,"parent":62,"menu_order":3,"comment_status":"closed","ping_status":"closed","template":"","meta":{"footnotes":""},"class_list":["post-68","page","type-page","status-publish","hentry"],"_links":{"self":[{"href":"https:\/\/kshol.hasici-ol.cz\/index.php\/wp-json\/wp\/v2\/pages\/68","targetHints":{"allow":["GET"]}}],"collection":[{"href":"https:\/\/kshol.hasici-ol.cz\/index.php\/wp-json\/wp\/v2\/pages"}],"about":[{"href":"https:\/\/kshol.hasici-ol.cz\/index.php\/wp-json\/wp\/v2\/types\/page"}],"author":[{"embeddable":true,"href":"https:\/\/kshol.hasici-ol.cz\/index.php\/wp-json\/wp\/v2\/users\/1"}],"replies":[{"embeddable":true,"href":"https:\/\/kshol.hasici-ol.cz\/index.php\/wp-json\/wp\/v2\/comments?post=68"}],"version-history":[{"count":6,"href":"https:\/\/kshol.hasici-ol.cz\/index.php\/wp-json\/wp\/v2\/pages\/68\/revisions"}],"predecessor-version":[{"id":309,"href":"https:\/\/kshol.hasici-ol.cz\/index.php\/wp-json\/wp\/v2\/pages\/68\/revisions\/309"}],"up":[{"embeddable":true,"href":"https:\/\/kshol.hasici-ol.cz\/index.php\/wp-json\/wp\/v2\/pages\/62"}],"wp:attachment":[{"href":"https:\/\/kshol.hasici-ol.cz\/index.php\/wp-json\/wp\/v2\/media?parent=68"}],"curies":[{"name":"wp","href":"https:\/\/api.w.org\/{rel}","templated":true}]}}