{"id":70,"date":"2018-01-10T08:51:52","date_gmt":"2018-01-10T07:51:52","guid":{"rendered":"http:\/\/kshol.hasici-ol.cz\/?page_id=70"},"modified":"2021-04-27T11:24:34","modified_gmt":"2021-04-27T09:24:34","slug":"korm","status":"publish","type":"page","link":"https:\/\/kshol.hasici-ol.cz\/index.php\/organy-ksh\/korm\/","title":{"rendered":"KORM"},"content":{"rendered":"<p><strong><span style=\"color: #ff0000;\">Slo\u017een\u00ed KORM:<\/span><\/strong><\/p>\n<p><span style=\"color: #000000;\">Milena Sobotkov\u00e1 &#8211; vedouc\u00ed KORM (OSH \u0160umperk)<\/span><\/p>\n<p><span style=\"color: #000000;\">Renata Ba\u010furov\u00e1 (OSH Jesen\u00edk)<\/span><\/p>\n<p><span style=\"color: #000000;\">Dagmar Barto\u0148kov\u00e1 (OSH Olomouc)<\/span><\/p>\n<p><span style=\"color: #000000;\">Lubom\u00edr Pt\u00e1\u010dek (OSH Prot\u011bjov)<\/span><\/p>\n<p><span style=\"color: #000000;\">Franti\u0161ek P\u00e1n\u00edk (OSH P\u0159erov)<\/span><\/p>\n<h4><strong>2020<\/strong><\/h4>\n<p><strong><span style=\"color: #800000;\"><a style=\"color: #800000;\" href=\"https:\/\/kshol.hasici-ol.cz\/wp-content\/uploads\/2020\/06\/Pl\u00e1n-\u010dinnosti-2020-KORM.pdf\">Pl\u00e1n pr\u00e1ce 2020 KORM<\/a><\/span><\/strong><\/p>\n<p><span style=\"color: #800000;\"><strong><a style=\"color: #800000;\" href=\"https:\/\/kshol.hasici-ol.cz\/wp-content\/uploads\/2020\/06\/Zpr\u00e1va-o-\u010dinnosti-za-rok-2019-KORM.pdf\">Zpr\u00e1va o \u010dinnosti za rok 2019 KORM<\/a><\/strong><\/span><\/p>\n<h4><strong>2019<\/strong><\/h4>\n<p><span style=\"color: #800000;\"><strong><a style=\"color: #800000;\" href=\"https:\/\/kshol.hasici-ol.cz\/wp-content\/uploads\/2020\/06\/Pl\u00e1n-\u010dinnosti-2019-KORM.pdf\">Pl\u00e1n pr\u00e1ce 2019 KORM<\/a><\/strong><\/span><\/p>\n<p><span style=\"color: #800000;\"><strong><a style=\"color: #800000;\" href=\"https:\/\/kshol.hasici-ol.cz\/wp-content\/uploads\/2020\/06\/Zpr\u00e1va-o-\u010dinnosti-za-rok-2018-KORM.pdf\">Zpr\u00e1va o \u010dinnosti za rok 2018 KORM<\/a><\/strong><\/span><\/p>\n<h4><strong>2018<\/strong><\/h4>\n<p><span style=\"color: #000000;\">Krajsk\u00e9 kolo hry Plamen 2017\/2018<\/span> &#8211;\u00a0<span style=\"color: #800000;\"><a style=\"color: #800000;\" href=\"https:\/\/kshol.hasici-ol.cz\/wp-content\/uploads\/2018\/05\/OZ-krajsk\u00e9-kolo-Plamen.docx\"><strong>organiza\u010dn\u00ed zabezpe\u010den\u00ed<\/strong><\/a><\/span> , <span style=\"color: #000000;\">Krajsk\u00e9 kolo Dorost 2017\/2018<\/span> &#8211; <a href=\"https:\/\/kshol.hasici-ol.cz\/wp-content\/uploads\/2018\/05\/OZ-krajsk\u00e9-kolo-Dorostu.docx\"><strong><span style=\"color: #800000;\">organiza\u010dn\u00ed zabezpe\u010den\u00ed<\/span><\/strong><\/a> ,\u00a0<a href=\"https:\/\/kshol.hasici-ol.cz\/wp-content\/uploads\/2018\/05\/p\u0159ihl\u00e1\u0161ky.docx\"><span style=\"color: #800000;\">p\u0159ihl\u00e1\u0161ky<\/span><\/a>,\u00a0<span style=\"color: #800000;\"><a style=\"color: #800000;\" href=\"https:\/\/kshol.hasici-ol.cz\/wp-content\/uploads\/2018\/05\/mapy-z\u00e1vodi\u0161\u0165.docx\">mapy z\u00e1vodi\u0161\u0165<\/a><\/span><\/p>\n<p><a href=\"https:\/\/kshol.hasici-ol.cz\/wp-content\/uploads\/2018\/03\/Pl\u00e1n-\u010dinnosti-KORM-2018.pdf\" target=\"_blank\" rel=\"noopener\"><strong><span style=\"color: #800000;\">Pl\u00e1n pr\u00e1ce 2018 KORM<\/span><\/strong><\/a><\/p>\n","protected":false},"excerpt":{"rendered":"<p>Slo\u017een\u00ed KORM: Milena Sobotkov\u00e1 &#8211; vedouc\u00ed KORM (OSH \u0160umperk) Renata Ba\u010furov\u00e1 (OSH Jesen\u00edk) Dagmar Barto\u0148kov\u00e1 (OSH Olomouc) Lubom\u00edr Pt\u00e1\u010dek (OSH Prot\u011bjov) Franti\u0161ek P\u00e1n\u00edk (OSH P\u0159erov) 2020 Pl\u00e1n pr\u00e1ce 2020 KORM Zpr\u00e1va o \u010dinnosti za rok 2019 KORM 2019 Pl\u00e1n pr\u00e1ce 2019 KORM Zpr\u00e1va o \u010dinnosti za rok 2018 KORM 2018 Krajsk\u00e9 kolo hry Plamen 2017\/2018 &#8211;\u00a0organiza\u010dn\u00ed zabezpe\u010den\u00ed , Krajsk\u00e9 kolo [&hellip;]<\/p>\n","protected":false},"author":1,"featured_media":0,"parent":62,"menu_order":4,"comment_status":"closed","ping_status":"closed","template":"","meta":{"footnotes":""},"class_list":["post-70","page","type-page","status-publish","hentry"],"_links":{"self":[{"href":"https:\/\/kshol.hasici-ol.cz\/index.php\/wp-json\/wp\/v2\/pages\/70","targetHints":{"allow":["GET"]}}],"collection":[{"href":"https:\/\/kshol.hasici-ol.cz\/index.php\/wp-json\/wp\/v2\/pages"}],"about":[{"href":"https:\/\/kshol.hasici-ol.cz\/index.php\/wp-json\/wp\/v2\/types\/page"}],"author":[{"embeddable":true,"href":"https:\/\/kshol.hasici-ol.cz\/index.php\/wp-json\/wp\/v2\/users\/1"}],"replies":[{"embeddable":true,"href":"https:\/\/kshol.hasici-ol.cz\/index.php\/wp-json\/wp\/v2\/comments?post=70"}],"version-history":[{"count":9,"href":"https:\/\/kshol.hasici-ol.cz\/index.php\/wp-json\/wp\/v2\/pages\/70\/revisions"}],"predecessor-version":[{"id":311,"href":"https:\/\/kshol.hasici-ol.cz\/index.php\/wp-json\/wp\/v2\/pages\/70\/revisions\/311"}],"up":[{"embeddable":true,"href":"https:\/\/kshol.hasici-ol.cz\/index.php\/wp-json\/wp\/v2\/pages\/62"}],"wp:attachment":[{"href":"https:\/\/kshol.hasici-ol.cz\/index.php\/wp-json\/wp\/v2\/media?parent=70"}],"curies":[{"name":"wp","href":"https:\/\/api.w.org\/{rel}","templated":true}]}}