{"id":72,"date":"2018-01-10T08:52:19","date_gmt":"2018-01-10T07:52:19","guid":{"rendered":"http:\/\/kshol.hasici-ol.cz\/?page_id=72"},"modified":"2021-04-27T11:26:47","modified_gmt":"2021-04-27T09:26:47","slug":"kkrr","status":"publish","type":"page","link":"https:\/\/kshol.hasici-ol.cz\/index.php\/organy-ksh\/kkrr\/","title":{"rendered":"KKRR"},"content":{"rendered":"<p><strong><span style=\"color: #ff0000;\">Slo\u017een\u00ed KKRR:<\/span><\/strong><\/p>\n<p><span style=\"color: #000000;\">Ing. Jan Tich\u00fd &#8211; p\u0159edseda KKRR (OSH Prost\u011bjov)<\/span><\/p>\n<p><span style=\"color: #000000;\">Roman Varga (OSH Jesen\u00edk)<\/span><\/p>\n<p><span style=\"color: #000000;\">Jan Konar (OSH Olomouc)<\/span><\/p>\n<p><span style=\"color: #000000;\">Josef Jemelka (OSH P\u0159erov)<\/span><\/p>\n<p><span style=\"color: #000000;\">Roman J\u00edr\u016f (OSH \u0160umperk)<\/span><\/p>\n<h4><strong>2020<\/strong><\/h4>\n<p><strong><span style=\"color: #800000;\"><a style=\"color: #800000;\" href=\"https:\/\/kshol.hasici-ol.cz\/wp-content\/uploads\/2020\/06\/Pl\u00e1n-pr\u00e1ceKKRR2020.pdf\">Pl\u00e1n pr\u00e1ce 2020 KKRR<\/a><\/span><\/strong><\/p>\n<h4><strong>2019<\/strong><\/h4>\n<p><span style=\"color: #800000;\"><strong><a style=\"color: #800000;\" href=\"https:\/\/kshol.hasici-ol.cz\/wp-content\/uploads\/2020\/06\/Pl\u00e1n-pr\u00e1ceKKRR2019.pdf\">Pl\u00e1n pr\u00e1ce 2019 KKRR<\/a><\/strong><\/span><\/p>\n<h4><strong>2018<\/strong><\/h4>\n<p><a href=\"https:\/\/kshol.hasici-ol.cz\/wp-content\/uploads\/2018\/02\/Pl\u00e1n-pr\u00e1ce-2018-KKRR.pdf\" target=\"_blank\" rel=\"noopener\"><span style=\"color: #800000;\"><strong>Pl\u00e1n pr\u00e1ce 2018 KKRR<\/strong><\/span><\/a><\/p>\n","protected":false},"excerpt":{"rendered":"<p>Slo\u017een\u00ed KKRR: Ing. Jan Tich\u00fd &#8211; p\u0159edseda KKRR (OSH Prost\u011bjov) Roman Varga (OSH Jesen\u00edk) Jan Konar (OSH Olomouc) Josef Jemelka (OSH P\u0159erov) Roman J\u00edr\u016f (OSH \u0160umperk) 2020 Pl\u00e1n pr\u00e1ce 2020 KKRR 2019 Pl\u00e1n pr\u00e1ce 2019 KKRR 2018 Pl\u00e1n pr\u00e1ce 2018 KKRR<\/p>\n","protected":false},"author":1,"featured_media":0,"parent":62,"menu_order":5,"comment_status":"closed","ping_status":"closed","template":"","meta":{"footnotes":""},"class_list":["post-72","page","type-page","status-publish","hentry"],"_links":{"self":[{"href":"https:\/\/kshol.hasici-ol.cz\/index.php\/wp-json\/wp\/v2\/pages\/72","targetHints":{"allow":["GET"]}}],"collection":[{"href":"https:\/\/kshol.hasici-ol.cz\/index.php\/wp-json\/wp\/v2\/pages"}],"about":[{"href":"https:\/\/kshol.hasici-ol.cz\/index.php\/wp-json\/wp\/v2\/types\/page"}],"author":[{"embeddable":true,"href":"https:\/\/kshol.hasici-ol.cz\/index.php\/wp-json\/wp\/v2\/users\/1"}],"replies":[{"embeddable":true,"href":"https:\/\/kshol.hasici-ol.cz\/index.php\/wp-json\/wp\/v2\/comments?post=72"}],"version-history":[{"count":9,"href":"https:\/\/kshol.hasici-ol.cz\/index.php\/wp-json\/wp\/v2\/pages\/72\/revisions"}],"predecessor-version":[{"id":312,"href":"https:\/\/kshol.hasici-ol.cz\/index.php\/wp-json\/wp\/v2\/pages\/72\/revisions\/312"}],"up":[{"embeddable":true,"href":"https:\/\/kshol.hasici-ol.cz\/index.php\/wp-json\/wp\/v2\/pages\/62"}],"wp:attachment":[{"href":"https:\/\/kshol.hasici-ol.cz\/index.php\/wp-json\/wp\/v2\/media?parent=72"}],"curies":[{"name":"wp","href":"https:\/\/api.w.org\/{rel}","templated":true}]}}