{"id":74,"date":"2018-01-10T08:53:12","date_gmt":"2018-01-10T07:53:12","guid":{"rendered":"http:\/\/kshol.hasici-ol.cz\/?page_id=74"},"modified":"2020-06-22T11:56:04","modified_gmt":"2020-06-22T09:56:04","slug":"azh","status":"publish","type":"page","link":"https:\/\/kshol.hasici-ol.cz\/index.php\/organy-ksh\/azh\/","title":{"rendered":"AZH"},"content":{"rendered":"<p><strong><span style=\"color: #ff0000;\">Slo\u017een\u00ed KAZH:<\/span><\/strong><\/p>\n<p><span style=\"color: #000000;\">Tome\u010dek Anton\u00edn &#8211; vedouc\u00ed KAZH (OSH P\u0159erov)<\/span><\/p>\n<p><span style=\"color: #000000;\">\u010canko Ji\u0159\u00ed (OSH Jesen\u00edk)<\/span><\/p>\n<p><span style=\"color: #000000;\">Rozs\u00edval Jaroslav (OSH Olomouc)<\/span><\/p>\n<p><span style=\"color: #000000;\">\u0160ev\u010d\u00edk Jaroslav (OSH Prost\u011bjov)<\/span><\/p>\n<p><span style=\"color: #000000;\">Havlas Antotn\u00edn (OSH \u0160umperk)<\/span><\/p>\n<p>&nbsp;<\/p>\n<h4><strong>2020<\/strong><\/h4>\n<p>Rekreace ZH v roce 2020 &#8211;\u00a0<a href=\"https:\/\/kshol.hasici-ol.cz\/wp-content\/uploads\/2020\/06\/Chata-Mate2020.pdf\"><span style=\"color: #993300;\"><strong>Chata Mate<\/strong><\/span><\/a><\/p>\n<h4><strong>2019<\/strong><\/h4>\n<p>Setk\u00e1n\u00ed ZH v roce 2019 &#8211;\u00a0<span style=\"color: #993300;\"><strong><a style=\"color: #993300;\" href=\"https:\/\/kshol.hasici-ol.cz\/wp-content\/uploads\/2020\/06\/Pozv\u00e1nka-ZH-KSH-2019-2.-varianta.pdf\">Pozv\u00e1nka<\/a><\/strong><\/span><\/p>\n<p><strong><span style=\"color: #993300;\"><a style=\"color: #993300;\" href=\"https:\/\/kshol.hasici-ol.cz\/wp-content\/uploads\/2020\/06\/Pl\u00e1n-pr\u00e1ce-AZH-OLK-pro-rok-2019.pdf\">Pl\u00e1n pr\u00e1ce 2019 AZH<\/a><\/span><\/strong><\/p>\n<p><span style=\"color: #993300;\"><strong><a style=\"color: #993300;\" href=\"https:\/\/kshol.hasici-ol.cz\/wp-content\/uploads\/2020\/06\/Zpr\u00e1va-aktivu-2018-pro-VV-KSH-OLK.pdf\">Zpr\u00e1va o \u010dinnosti AZH 2018<\/a><\/strong><\/span><\/p>\n<h4><strong>2018<\/strong><\/h4>\n<p><span style=\"color: #000000;\">Setk\u00e1n\u00ed ZH v roce 2018<\/span> &#8211;\u00a0<strong><span style=\"color: #800000;\"><a style=\"color: #800000;\" href=\"https:\/\/kshol.hasici-ol.cz\/wp-content\/uploads\/2018\/04\/Pozv\u00e1nka-Zaslu\u017eil\u00ed-hasi\u010di-1.pdf\">Pozv\u00e1nka<\/a><\/span><\/strong><\/p>\n<p><span style=\"color: #000000;\">Rekreace ZH v roce 2018 (J\u00e1nsk\u00e9 Koupele) &#8211;<\/span> <span style=\"color: #800000;\"><a style=\"color: #800000;\" href=\"https:\/\/kshol.hasici-ol.cz\/wp-content\/uploads\/2018\/02\/Pozv\u00e1nka-na-rekreaci-ZH.pdf\"><strong>Pozv\u00e1nka<\/strong><\/a><\/span><\/p>\n<p><a href=\"https:\/\/kshol.hasici-ol.cz\/wp-content\/uploads\/2018\/02\/Pl\u00e1n-pr\u00e1ce-2018-AZH.pdf\" target=\"_blank\" rel=\"noopener\"><strong><span style=\"color: #800000;\">Pl\u00e1n pr\u00e1ce 2018 AZH<\/span><\/strong><\/a><\/p>\n<p><a href=\"https:\/\/kshol.hasici-ol.cz\/wp-content\/uploads\/2018\/02\/Zpr\u00e1va-o-\u010dinnosti-AZH-2017.pdf\" target=\"_blank\" rel=\"noopener\"><span style=\"color: #800000;\"><strong>Zpr\u00e1va o \u010dinnosti AZH 2017<\/strong><\/span><\/a><\/p>\n","protected":false},"excerpt":{"rendered":"<p>Slo\u017een\u00ed KAZH: Tome\u010dek Anton\u00edn &#8211; vedouc\u00ed KAZH (OSH P\u0159erov) \u010canko Ji\u0159\u00ed (OSH Jesen\u00edk) Rozs\u00edval Jaroslav (OSH Olomouc) \u0160ev\u010d\u00edk Jaroslav (OSH Prost\u011bjov) Havlas Antotn\u00edn (OSH \u0160umperk) &nbsp; 2020 Rekreace ZH v roce 2020 &#8211;\u00a0Chata Mate 2019 Setk\u00e1n\u00ed ZH v roce 2019 &#8211;\u00a0Pozv\u00e1nka Pl\u00e1n pr\u00e1ce 2019 AZH Zpr\u00e1va o \u010dinnosti AZH 2018 2018 Setk\u00e1n\u00ed ZH v roce 2018 &#8211;\u00a0Pozv\u00e1nka Rekreace ZH v [&hellip;]<\/p>\n","protected":false},"author":1,"featured_media":0,"parent":62,"menu_order":6,"comment_status":"closed","ping_status":"closed","template":"","meta":{"footnotes":""},"class_list":["post-74","page","type-page","status-publish","hentry"],"_links":{"self":[{"href":"https:\/\/kshol.hasici-ol.cz\/index.php\/wp-json\/wp\/v2\/pages\/74","targetHints":{"allow":["GET"]}}],"collection":[{"href":"https:\/\/kshol.hasici-ol.cz\/index.php\/wp-json\/wp\/v2\/pages"}],"about":[{"href":"https:\/\/kshol.hasici-ol.cz\/index.php\/wp-json\/wp\/v2\/types\/page"}],"author":[{"embeddable":true,"href":"https:\/\/kshol.hasici-ol.cz\/index.php\/wp-json\/wp\/v2\/users\/1"}],"replies":[{"embeddable":true,"href":"https:\/\/kshol.hasici-ol.cz\/index.php\/wp-json\/wp\/v2\/comments?post=74"}],"version-history":[{"count":12,"href":"https:\/\/kshol.hasici-ol.cz\/index.php\/wp-json\/wp\/v2\/pages\/74\/revisions"}],"predecessor-version":[{"id":264,"href":"https:\/\/kshol.hasici-ol.cz\/index.php\/wp-json\/wp\/v2\/pages\/74\/revisions\/264"}],"up":[{"embeddable":true,"href":"https:\/\/kshol.hasici-ol.cz\/index.php\/wp-json\/wp\/v2\/pages\/62"}],"wp:attachment":[{"href":"https:\/\/kshol.hasici-ol.cz\/index.php\/wp-json\/wp\/v2\/media?parent=74"}],"curies":[{"name":"wp","href":"https:\/\/api.w.org\/{rel}","templated":true}]}}