{"id":76,"date":"2018-01-10T08:54:27","date_gmt":"2018-01-10T07:54:27","guid":{"rendered":"http:\/\/kshol.hasici-ol.cz\/?page_id=76"},"modified":"2023-09-12T10:55:51","modified_gmt":"2023-09-12T08:55:51","slug":"souteze-a-vysledky","status":"publish","type":"page","link":"https:\/\/kshol.hasici-ol.cz\/index.php\/souteze-a-vysledky\/","title":{"rendered":"Sout\u011b\u017ee a v\u00fdsledky"},"content":{"rendered":"<p><strong><span style=\"color: #000000;\">2023<\/span><\/strong><\/p>\n<p>Krajsk\u00e9 kolo v b\u011bhu na 60m &#8211;<a href=\"https:\/\/kshol.hasici-ol.cz\/wp-content\/uploads\/2023\/09\/Krajske_kolo_v_behu_na_60m_2023_Starsi_divky.pdf\">Star\u0161\u00ed_d\u00edvky,<\/a> <a href=\"https:\/\/kshol.hasici-ol.cz\/wp-content\/uploads\/2023\/09\/Krajske_kolo_v_behu_na_60m_2023_Starsi_chlapci.pdf\">Star\u0161\u00ed_chlapci,<\/a> <a href=\"https:\/\/kshol.hasici-ol.cz\/wp-content\/uploads\/2023\/09\/Krajske_kolo_v_behu_na_60m_2023_Mladsi_chlapci.pdf\">Mlad\u0161\u00ed_chlapci,<\/a> <a href=\"https:\/\/kshol.hasici-ol.cz\/wp-content\/uploads\/2023\/09\/Krajske_kolo_v_behu_na_60m_2023_Mladsi_divky.pdf\">Mlad\u0161\u00ed_d\u00edvky<\/a><\/p>\n<p>Krajsk\u00e9 kolo POOD &#8211; <strong><span style=\"color: #800000;\"><a style=\"color: #800000;\" href=\"https:\/\/kshol.hasici-ol.cz\/wp-content\/uploads\/2023\/04\/POODM-2023-kraj-Olomouc_opr.pdf\">v\u00fdsledky<\/a><\/span><\/strong><\/p>\n<p><span style=\"color: #000000;\"><strong>2022<\/strong><\/span><\/p>\n<p>Krajsk\u00e9 kolo hry Plamen, okr. Olomouc 10.6.2022 &#8211; <strong><span style=\"color: #800000;\"><a style=\"color: #800000;\" href=\"https:\/\/kshol.hasici-ol.cz\/wp-content\/uploads\/2022\/06\/Krajske-kolo-Plamen-Stafeta-pozarnich-dvojic-Sternberk-12.6.2021-.pdf\">\u0161pd<\/a>, <a style=\"color: #800000;\" href=\"https:\/\/kshol.hasici-ol.cz\/wp-content\/uploads\/2022\/06\/Krajske-kolo-Plamen-Stafeta-4-x-60-m-Sternberk-12.6.2021-.pdf\">4x60m<\/a>, <a style=\"color: #800000;\" href=\"https:\/\/kshol.hasici-ol.cz\/wp-content\/uploads\/2022\/06\/Krajske-kolo-Plamen-ZPV-Sternberk-12.6.2021-.pdf\">ZPV<\/a>,\u00a0<a style=\"color: #800000;\" href=\"https:\/\/kshol.hasici-ol.cz\/wp-content\/uploads\/2022\/06\/Krajske-kolo-Plamen-Stafeta-400-m-CTIF-Sternberk-12.6.2021-.pdf\">400m CTIF<\/a>, <a style=\"color: #800000;\" href=\"https:\/\/kshol.hasici-ol.cz\/wp-content\/uploads\/2022\/06\/Krajske-kolo-Plamen-PU-Plamen-Sternberk-12.6.2021-.pdf\">P\u00da Plamen<\/a>, <a style=\"color: #800000;\" href=\"https:\/\/kshol.hasici-ol.cz\/wp-content\/uploads\/2022\/06\/Krajske-kolo-Plamen-PU-CTIF-Sternberk-12.6.2021-1-1.pdf\">P\u00da CTIF<\/a>, <a style=\"color: #800000;\" href=\"https:\/\/kshol.hasici-ol.cz\/wp-content\/uploads\/2022\/06\/Krajske-kolo-Plamen-Celkove-vysledky-Sternberk-12.6.2021-.pdf\">celkov\u00e9 v\u00fdsledky<\/a><\/span><\/strong><\/p>\n<p><span style=\"color: #000000;\">Krajsk\u00e9 kolo dorostu, okr. Olomouc 11.-12.6.2022 &#8211;<\/span> <strong><span style=\"color: #800000;\"><a style=\"color: #800000;\" href=\"https:\/\/kshol.hasici-ol.cz\/wp-content\/uploads\/2022\/06\/Krajske-kolo-Dorost-Stafeta-4-x-100-m-Sternberk-12.6.2021-.pdf\">4x100m<\/a>, <a style=\"color: #800000;\" href=\"https:\/\/kshol.hasici-ol.cz\/wp-content\/uploads\/2022\/06\/Krajske-kolo-Dorost-Dvojboj-Dorostenci-Sternberk-12.6.2021-.pdf\">dvojboj &#8211; dorci<\/a>, <a style=\"color: #800000;\" href=\"https:\/\/kshol.hasici-ol.cz\/wp-content\/uploads\/2022\/06\/Krajske-kolo-Dorost-Dvojboj-Dorostenky-Sternberk-12.6.2021-.pdf\">dvojboj &#8211; dorky<\/a>, <a style=\"color: #800000;\" href=\"https:\/\/kshol.hasici-ol.cz\/wp-content\/uploads\/2022\/06\/Krajske-kolo-Dorost-Beh-na-100-m-Dorostenky-Sternberk-12.6.2021-.pdf\">100m &#8211; dorky<\/a>, <a style=\"color: #800000;\" href=\"https:\/\/kshol.hasici-ol.cz\/wp-content\/uploads\/2022\/06\/Krajske-kolo-Dorost-Beh-na-100-m-Dorostenci-Sternberk-12.6.2021-.pdf\">100m &#8211; dorci<\/a>, <a style=\"color: #800000;\" href=\"https:\/\/kshol.hasici-ol.cz\/wp-content\/uploads\/2022\/06\/Krajske-kolo-Dorost-PU-Sternberk-12.6.2021-.pdf\">P\u00da<\/a>, c<a style=\"color: #800000;\" href=\"https:\/\/kshol.hasici-ol.cz\/wp-content\/uploads\/2022\/06\/Krajske-kolo-Dorost-Celkove-vysledky-Jednotlivci-Dorostenci-Sternberk-12.6.2021-.pdf\">elkov\u00e9 v\u00fdsledky &#8211; dorci<\/a>, <a style=\"color: #800000;\" href=\"https:\/\/kshol.hasici-ol.cz\/wp-content\/uploads\/2022\/06\/Krajske-kolo-Dorost-Celkove-vysledky-Jednotlivci-Dorostenky-Sternberk-12.6.2021-.pdf\">celkov\u00e9 v\u00fdsledky &#8211; dorky<\/a>, <a style=\"color: #800000;\" href=\"https:\/\/kshol.hasici-ol.cz\/wp-content\/uploads\/2022\/06\/Krajske-kolo-Dorost-Celkove-vysledky-Druzstva-Sternberk-12.6.2021-.pdf\">celkov\u00e9 v\u00fdsledky &#8211; dru\u017estva<\/a><\/span><\/strong><\/p>\n<p><span style=\"color: #000000;\">Krajsk\u00e9 kolo POOD &#8211;<\/span> <span style=\"color: #800000;\"><strong><a style=\"color: #800000;\" href=\"https:\/\/kshol.hasici-ol.cz\/wp-content\/uploads\/2022\/04\/Vysledky_POODM_2022_krajske_kolo_Olomoucky.pdf\">v\u00fdsledky<\/a><\/strong><\/span><\/p>\n<p><span style=\"color: #000000;\"><strong>2021<\/strong><\/span><\/p>\n<p><span style=\"color: #000000;\">Krajsk\u00e9 kolo hry Plamen, okr. P\u0159erov 12.6.2021 &#8211;<\/span> <strong><span style=\"color: #800000;\"><a style=\"color: #800000;\" href=\"https:\/\/kshol.hasici-ol.cz\/wp-content\/uploads\/2022\/06\/Krajske-kolo-Plamen-Stafeta-pozarnich-dvojic-Lipnik-nad-Becvou-12.6.2021-.pdf\">\u0161pd<\/a>, <a style=\"color: #800000;\" href=\"https:\/\/kshol.hasici-ol.cz\/wp-content\/uploads\/2022\/06\/Krajske-kolo-Plamen-Stafeta-400-m-CTIF-Lipnik-nad-Becvou-12.6.2021-.pdf\">400m CTIF<\/a>, <a style=\"color: #800000;\" href=\"https:\/\/kshol.hasici-ol.cz\/wp-content\/uploads\/2022\/06\/Krajske-kolo-Plamen-Stafeta-4-x-60-m-Lipnik-nad-Becvou-12.6.2021-.pdf\">4x60m<\/a>, <a style=\"color: #800000;\" href=\"https:\/\/kshol.hasici-ol.cz\/wp-content\/uploads\/2022\/06\/Krajske-kolo-Plamen-PU-Plamen-Lipnik-nad-Becvou-12.6.2021-.pdf\">P\u00da Plamen<\/a>, <a style=\"color: #800000;\" href=\"https:\/\/kshol.hasici-ol.cz\/wp-content\/uploads\/2022\/06\/Krajske-kolo-Plamen-PU-CTIF-Lipnik-nad-Becvou-12.6.2021-.pdf\">P\u00da CTIF<\/a>, <a style=\"color: #800000;\" href=\"https:\/\/kshol.hasici-ol.cz\/wp-content\/uploads\/2022\/06\/Krajske-kolo-Plamen-Celkove-vysledky-Lipnik-nad-Becvou-12.6.2021-.pdf\">celkov\u00e9 vysledky<\/a><\/span><\/strong><\/p>\n<p>Krajsk\u00e9 kolo dorostu, okr. P\u0159erov 13.6.2021 &#8211; <strong><span style=\"color: #800000;\"><a style=\"color: #800000;\" href=\"https:\/\/kshol.hasici-ol.cz\/wp-content\/uploads\/2022\/06\/Krajske-kolo-Dorost-Stafeta-4-x-100-m-Lipnik-nad-Becvou-13.6.2021-.pdf\">4x100m<\/a>, <a style=\"color: #800000;\" href=\"https:\/\/kshol.hasici-ol.cz\/wp-content\/uploads\/2022\/06\/Krajske-kolo-Dorost-PU-Lipnik-nad-Becvou-13.6.2021-.pdf\">P\u00da<\/a>, <a style=\"color: #800000;\" href=\"https:\/\/kshol.hasici-ol.cz\/wp-content\/uploads\/2022\/06\/Krajske-kolo-Dorost-Dvojboj-Dorostenci-Lipnik-nad-Becvou-13.6.2021-.pdf\">dvojboj &#8211; dorci<\/a>, <a style=\"color: #800000;\" href=\"https:\/\/kshol.hasici-ol.cz\/wp-content\/uploads\/2022\/06\/Krajske-kolo-Dorost-Dvojboj-Dorostenky-Lipnik-nad-Becvou-13.6.2021-.pdf\">dvojboj &#8211; dorky<\/a>, <a style=\"color: #800000;\" href=\"https:\/\/kshol.hasici-ol.cz\/wp-content\/uploads\/2022\/06\/Krajske-kolo-Dorost-Beh-na-100-m-Dorostenci-Lipnik-nad-Becvou-13.6.2021-.pdf\">100m &#8211; dorci<\/a>, <a style=\"color: #800000;\" href=\"https:\/\/kshol.hasici-ol.cz\/wp-content\/uploads\/2022\/06\/Krajske-kolo-Dorost-Beh-na-100-m-Dorostenky-Lipnik-nad-Becvou-13.6.2021-.pdf\">100m &#8211; dorky<\/a>, <a style=\"color: #800000;\" href=\"https:\/\/kshol.hasici-ol.cz\/wp-content\/uploads\/2022\/06\/Krajske-kolo-Dorost-Celkove-vysledky-Jednotlivci-Dorostenci-Lipnik-nad-Becvou-13.6.2021-.pdf\">celkov\u00e9 v\u00fdsledky &#8211; dorci<\/a>, <a style=\"color: #800000;\" href=\"https:\/\/kshol.hasici-ol.cz\/wp-content\/uploads\/2022\/06\/Krajske-kolo-Dorost-Celkove-vysledky-Jednotlivci-Dorostenky-Lipnik-nad-Becvou-13.6.2021-.pdf\">celkov\u00e9 v\u00fdsledky &#8211; dorky<\/a>, <a style=\"color: #800000;\" href=\"https:\/\/kshol.hasici-ol.cz\/wp-content\/uploads\/2022\/06\/Krajske-kolo-Dorost-Celkove-vysledky-Druzstva-Lipnik-nad-Becvou-13.6.2021-.pdf\">celkov\u00e9 v\u00fdsledky &#8211; dru\u017estva<\/a><\/span><\/strong><\/p>\n<p><span style=\"color: #000000;\">Krajsk\u00e9 kolo POOD &#8211;<\/span> <span style=\"color: #800000;\"><strong><a style=\"color: #800000;\" href=\"https:\/\/kshol.hasici-ol.cz\/wp-content\/uploads\/2021\/05\/IMG_20210517_0004.pdf\">v\u00fdsledky<\/a><\/strong><\/span><\/p>\n<p><span style=\"color: #000000;\"><strong>2020<\/strong><\/span><\/p>\n<p><span style=\"color: #000000;\">Krajsk\u00e9 kolo POOD<\/span> &#8211;\u00a0<strong><span style=\"color: #800000;\"><a style=\"color: #800000;\" href=\"https:\/\/kshol.hasici-ol.cz\/wp-content\/uploads\/2020\/12\/vysledky-poodm-2020-krajske-kolo.xls\">v\u00fdsledky<\/a><\/span><\/strong><\/p>\n<p><strong><span style=\"color: #000000;\">2018<\/span><\/strong><\/p>\n<p><span style=\"color: #000000;\">Krajsk\u00e9 kolo hry Plamen, okr. P\u0159erov 8. &#8211; 9.6.2018<\/span> &#8211; <span style=\"color: #800000;\"><a style=\"color: #800000;\" href=\"https:\/\/kshol.hasici-ol.cz\/wp-content\/uploads\/2018\/06\/V\u00fdsledky-Krajsk\u00e9-kolo-hry-Plamen-P\u0159erov.pdf\"><strong>v\u00fdsledky<\/strong> <\/a><\/span><\/p>\n<p><span style=\"color: #000000;\">Krajsk\u00e9 kolo dorostu, okr. P\u0159erov 10.6.2018<\/span> &#8211;<strong> <a href=\"https:\/\/kshol.hasici-ol.cz\/wp-content\/uploads\/2018\/06\/V\u00fdsledky-Krajsk\u00e9-kolo-dorostu-P\u0159erov.pdf\"><span style=\"color: #800000;\">v\u00fdsledky<\/span> <\/a><\/strong><\/p>\n<p><strong>8. &#8211; 10.6.<\/strong> <span style=\"color: #000000;\">Krajsk\u00e9 kolo hry Plamen<\/span> &#8211;\u00a0<a href=\"https:\/\/kshol.hasici-ol.cz\/wp-content\/uploads\/2018\/05\/OZ-krajsk\u00e9-kolo-Plamen.docx\"><strong><span style=\"color: #800000;\">organiza\u010dn\u00ed zabezpe\u010den\u00ed<\/span><\/strong><\/a> , <span style=\"color: #000000;\">Krajsk\u00e9 kolo Dorost<\/span> &#8211; <a href=\"https:\/\/kshol.hasici-ol.cz\/wp-content\/uploads\/2018\/05\/OZ-krajsk\u00e9-kolo-Dorostu.docx\"><strong><span style=\"color: #800000;\">organiza\u010dn\u00ed zabezpe\u010den\u00ed<\/span><\/strong><\/a> ,\u00a0<a href=\"https:\/\/kshol.hasici-ol.cz\/wp-content\/uploads\/2018\/05\/p\u0159ihl\u00e1\u0161ky.docx\"><span style=\"color: #800000;\">p\u0159ihl\u00e1\u0161ky<\/span><\/a>,\u00a0<span style=\"color: #800000;\"><a style=\"color: #800000;\" href=\"https:\/\/kshol.hasici-ol.cz\/wp-content\/uploads\/2018\/05\/mapy-z\u00e1vodi\u0161\u0165.docx\">mapy z\u00e1vodi\u0161\u0165<\/a><\/span> <strong><span style=\"color: #800000;\">\u00a0 <\/span><\/strong><\/p>\n<p><span style=\"color: #000000;\"><strong>3.5. <\/strong>Krajsk\u00e9 kolo TFA 2018 Olomouc &#8211;<strong><span style=\"color: #800000;\"> <a style=\"color: #800000;\" href=\"https:\/\/kshol.hasici-ol.cz\/wp-content\/uploads\/2018\/04\/Krajsk\u00e9-kolo-TFA-2018-Olomouc-propozice.pdf\">propozice<\/a><\/span> + <span style=\"color: #800000;\"><a style=\"color: #800000;\" href=\"https:\/\/kshol.hasici-ol.cz\/wp-content\/uploads\/2018\/04\/TFA-Olomouc-2018-p\u0159ihl\u00e1\u0161ka.docx\">p\u0159ihl\u00e1\u0161ka<\/a><\/span><\/strong><\/span><\/p>\n","protected":false},"excerpt":{"rendered":"<p>2023 Krajsk\u00e9 kolo v b\u011bhu na 60m &#8211;Star\u0161\u00ed_d\u00edvky, Star\u0161\u00ed_chlapci, Mlad\u0161\u00ed_chlapci, Mlad\u0161\u00ed_d\u00edvky Krajsk\u00e9 kolo POOD &#8211; v\u00fdsledky 2022 Krajsk\u00e9 kolo hry Plamen, okr. Olomouc 10.6.2022 &#8211; \u0161pd, 4x60m, ZPV,\u00a0400m CTIF, P\u00da Plamen, P\u00da CTIF, celkov\u00e9 v\u00fdsledky Krajsk\u00e9 kolo dorostu, okr. Olomouc 11.-12.6.2022 &#8211; 4x100m, dvojboj &#8211; dorci, dvojboj &#8211; dorky, 100m &#8211; dorky, 100m &#8211; dorci, P\u00da, celkov\u00e9 v\u00fdsledky &#8211; dorci, [&hellip;]<\/p>\n","protected":false},"author":1,"featured_media":0,"parent":0,"menu_order":4,"comment_status":"closed","ping_status":"closed","template":"","meta":{"footnotes":""},"class_list":["post-76","page","type-page","status-publish","hentry"],"_links":{"self":[{"href":"https:\/\/kshol.hasici-ol.cz\/index.php\/wp-json\/wp\/v2\/pages\/76","targetHints":{"allow":["GET"]}}],"collection":[{"href":"https:\/\/kshol.hasici-ol.cz\/index.php\/wp-json\/wp\/v2\/pages"}],"about":[{"href":"https:\/\/kshol.hasici-ol.cz\/index.php\/wp-json\/wp\/v2\/types\/page"}],"author":[{"embeddable":true,"href":"https:\/\/kshol.hasici-ol.cz\/index.php\/wp-json\/wp\/v2\/users\/1"}],"replies":[{"embeddable":true,"href":"https:\/\/kshol.hasici-ol.cz\/index.php\/wp-json\/wp\/v2\/comments?post=76"}],"version-history":[{"count":28,"href":"https:\/\/kshol.hasici-ol.cz\/index.php\/wp-json\/wp\/v2\/pages\/76\/revisions"}],"predecessor-version":[{"id":467,"href":"https:\/\/kshol.hasici-ol.cz\/index.php\/wp-json\/wp\/v2\/pages\/76\/revisions\/467"}],"wp:attachment":[{"href":"https:\/\/kshol.hasici-ol.cz\/index.php\/wp-json\/wp\/v2\/media?parent=76"}],"curies":[{"name":"wp","href":"https:\/\/api.w.org\/{rel}","templated":true}]}}