{"id":78,"date":"2018-01-10T08:54:53","date_gmt":"2018-01-10T07:54:53","guid":{"rendered":"http:\/\/kshol.hasici-ol.cz\/?page_id=78"},"modified":"2026-04-08T11:33:58","modified_gmt":"2026-04-08T09:33:58","slug":"zapisy-z-jednani","status":"publish","type":"page","link":"https:\/\/kshol.hasici-ol.cz\/index.php\/zapisy-z-jednani\/","title":{"rendered":"Z\u00e1pisy z jedn\u00e1n\u00ed"},"content":{"rendered":"<h4><\/h4>\n<h4><em><span style=\"color: #000000;\"><strong>V\u00fdkonn\u00fd v\u00fdbor:<\/strong><br \/>\n<\/span><\/em><\/h4>\n<p><strong>2026:<\/strong><\/p>\n<p><a href=\"https:\/\/kshol.hasici-ol.cz\/wp-content\/uploads\/2026\/04\/Zapis-z-VV-KSH-22-01-2026.docx\">Z\u00e1pis VV KSH 22.01.2026<\/a><\/p>\n<p><strong>2025:<\/strong><\/p>\n<p><a href=\"https:\/\/kshol.hasici-ol.cz\/wp-content\/uploads\/2026\/04\/Zapis-z-VV-KSH-30-10-2025.docx\">Z\u00e1pis VV KSH 30.10.2025<\/a><\/p>\n<p><a href=\"https:\/\/kshol.hasici-ol.cz\/wp-content\/uploads\/2026\/04\/Zapis-z-VV-KSH-25-09-2025.docx\">Z\u00e1pis VV KSH 25.09.2025<\/a><\/p>\n<p><a href=\"https:\/\/kshol.hasici-ol.cz\/wp-content\/uploads\/2026\/04\/Zapis-z-VV-KSH-07-08-2025.docx\">Z\u00e1pis VV KSH 07.08.2025<\/a><\/p>\n<p><a href=\"https:\/\/kshol.hasici-ol.cz\/wp-content\/uploads\/2026\/04\/Zapis-z-VV-KSH-20-05-2025.docx\">Z\u00e1pis VV KSH 20.05.2025<\/a><\/p>\n<p><a href=\"https:\/\/kshol.hasici-ol.cz\/wp-content\/uploads\/2026\/04\/Zapis_SP-OSH-OLK_03-04-2025.docx\">Z\u00e1pis SP OSH OLK 03.04.2025<\/a><\/p>\n<p><a href=\"https:\/\/kshol.hasici-ol.cz\/wp-content\/uploads\/2026\/04\/Zapis-z-VV-KSH-30-01-2025.docx\">Z\u00e1pis VV KSH 30.01.2025<\/a><\/p>\n<p><strong>2024<\/strong>:<\/p>\n<p><a href=\"https:\/\/kshol.hasici-ol.cz\/wp-content\/uploads\/2026\/04\/Zapis-z-VV-KSH-28.11.2024.docx\">Zapis VV KSH 28.11.2024<\/a><\/p>\n<p><a href=\"https:\/\/kshol.hasici-ol.cz\/wp-content\/uploads\/2026\/04\/Zapis-z-VV-KSH-26.09.2024.docx\">Zapis VV KSH 26.09.2024<\/a><\/p>\n<p><a href=\"https:\/\/kshol.hasici-ol.cz\/wp-content\/uploads\/2026\/04\/Zapis-z-VV-KSH-16.05.2024.docx\">Zapis VV KSH 16.05.2024<\/a><\/p>\n<p><a href=\"https:\/\/kshol.hasici-ol.cz\/wp-content\/uploads\/2026\/04\/20240411_zapis_SPOSHKSHOLK.doc\">zapis_SP OSH KSH OLK 11.04.2024<\/a><\/p>\n<p><a href=\"https:\/\/kshol.hasici-ol.cz\/wp-content\/uploads\/2024\/02\/20220208_zapis_VV_KSH_OLK.doc\">Z\u00e1pis VV KSH 08.02.2024<\/a><\/p>\n<p><strong>2023<\/strong><\/p>\n<p><a href=\"https:\/\/kshol.hasici-ol.cz\/wp-content\/uploads\/2024\/02\/30.11.2023.pdf\">Z\u00e1pis VV KSH 30.11.2023<\/a><\/p>\n<p><a href=\"https:\/\/kshol.hasici-ol.cz\/wp-content\/uploads\/2024\/02\/Zapis-z-VV-KSH-05.10.2023.docx\">Z\u00e1pis VV KSH 05.10.2023<\/a><\/p>\n<p><a href=\"https:\/\/kshol.hasici-ol.cz\/wp-content\/uploads\/2024\/02\/24.08.2023.pdf\">Z\u00e1pis VV KSH 24.08.2023<\/a><\/p>\n<p><a href=\"https:\/\/kshol.hasici-ol.cz\/wp-content\/uploads\/2024\/02\/22.06.2023.pdf\">Z\u00e1pis VV KSH 22.06.2023<\/a><\/p>\n<p><a href=\"https:\/\/kshol.hasici-ol.cz\/wp-content\/uploads\/2023\/04\/20230413_Zapis-z-VV-KSH.pdf\">Z\u00e1pis VV KSH 13.4.2023<\/a><\/p>\n<p><a href=\"https:\/\/kshol.hasici-ol.cz\/wp-content\/uploads\/2023\/04\/20230117_Zapis-z-VV-KSH.pdf\">Z\u00e1pis VV KSH 17.1.2023<\/a><\/p>\n<h4><strong>2022<\/strong><\/h4>\n<p><a href=\"https:\/\/kshol.hasici-ol.cz\/wp-content\/uploads\/2023\/01\/Zapis-VV-KSH-10.11.2022.pdf\">Z\u00e1pis VV KSH 10.11.2022<\/a><\/p>\n<p><a href=\"https:\/\/kshol.hasici-ol.cz\/wp-content\/uploads\/2023\/01\/Zapis-VV-KSH-8.9.2022.pdf\">Z\u00e1pis VV KSH 8.9.2022<\/a><\/p>\n<p><a href=\"https:\/\/kshol.hasici-ol.cz\/wp-content\/uploads\/2022\/06\/20220526_Zapis-z-VV-KSH.pdf\">Z\u00e1pis VV KSH 26.5.2022<\/a><\/p>\n<p><a href=\"https:\/\/kshol.hasici-ol.cz\/wp-content\/uploads\/2022\/04\/20220315_Zapis-z-VV-KSH.pdf\">Z\u00e1pis VV KSH 15.3.2022<\/a><\/p>\n<p><a href=\"https:\/\/kshol.hasici-ol.cz\/wp-content\/uploads\/2022\/04\/Zapis-z-VV-KSH-10.2.2022.pdf\">Z\u00e1pis VV KSH 10.2.2022<\/a><\/p>\n<h4><strong>2021<\/strong><\/h4>\n<p><a href=\"https:\/\/kshol.hasici-ol.cz\/wp-content\/uploads\/2021\/10\/Zapis-z-VV-KSH-2.9.2021.pdf\">Z\u00e1pis VV KSH 2.9.2021<\/a><\/p>\n<p><a href=\"https:\/\/kshol.hasici-ol.cz\/wp-content\/uploads\/2021\/06\/20210520_Zapis-z-VV-KSH-20.5.2021.pdf\">Z\u00e1pis VV KSH 20.5.2021<\/a><\/p>\n<p><a href=\"https:\/\/kshol.hasici-ol.cz\/wp-content\/uploads\/2021\/06\/Zapis-SD-OSH-KSH-Olk-2021.pdf\">Z\u00e1pis SD OSH KSH 22.4.2021<\/a><\/p>\n<p><a href=\"https:\/\/kshol.hasici-ol.cz\/wp-content\/uploads\/2021\/05\/20210422_Zapis-z-VV-KSH.pdf\">Z\u00e1pis VV KSH 22.4.2021<\/a><\/p>\n<h4><strong>2020<\/strong><\/h4>\n<p><a href=\"https:\/\/kshol.hasici-ol.cz\/wp-content\/uploads\/2020\/06\/Z\u00e1pis-VV-KSH-13.2.2020.pdf\">Z\u00e1pis VV KSH 13.2.2020<\/a><\/p>\n<h4><strong>2019<\/strong><\/h4>\n<p><a href=\"https:\/\/kshol.hasici-ol.cz\/wp-content\/uploads\/2020\/06\/Z\u00e1pis-z-VV-KSH-7.11.2019.pdf\">Z\u00e1pis VV KSH 7.11.2019<\/a><\/p>\n<p><a href=\"https:\/\/kshol.hasici-ol.cz\/wp-content\/uploads\/2020\/06\/Z\u00e1pis-z-VV-KSH-5.9.2019.pdf\">Z\u00e1pis VV KSH 5.9.2019<\/a><\/p>\n<p><a href=\"https:\/\/kshol.hasici-ol.cz\/wp-content\/uploads\/2020\/06\/Z\u00e1pis-z-VV-KSH-30.5.2019.pdf\">Z\u00e1pis VV KSH 30.5.2019<\/a><\/p>\n<p><a href=\"https:\/\/kshol.hasici-ol.cz\/wp-content\/uploads\/2020\/06\/z\u00e1pis-SP-OSH-KSH-12.4.2019.pdf\">Z\u00e1pis SP OSH KSH 12.4.2019<\/a><\/p>\n<p><a href=\"https:\/\/kshol.hasici-ol.cz\/wp-content\/uploads\/2020\/06\/Z\u00e1pis-VV-KSH-31.1.2019.pdf\">Z\u00e1pis VV KSH 31.1.2019<\/a><\/p>\n<h4><strong>2018<br \/>\n<\/strong><\/h4>\n<p><a href=\"https:\/\/kshol.hasici-ol.cz\/wp-content\/uploads\/2019\/02\/Z\u00e1pis-SP-OSH-8.11.2018.pdf\">Z\u00e1pis SP OSH 8.11.2018<\/a><\/p>\n<p><a href=\"https:\/\/kshol.hasici-ol.cz\/wp-content\/uploads\/2019\/02\/Z\u00e1pis-VV-KSH-8.11.2018.pdf\">Z\u00e1pis VV KSH 8.11.2018<\/a><\/p>\n<p><a href=\"https:\/\/kshol.hasici-ol.cz\/wp-content\/uploads\/2020\/06\/Z\u00e1pis-z-VV-KSH-6.9.2018.pdf\">Z\u00e1pis VV KSH 6.9.2018<\/a><\/p>\n<p><a style=\"color: #800000;\" href=\"https:\/\/kshol.hasici-ol.cz\/wp-content\/uploads\/2018\/09\/Z\u00e1pis-VV-KSH-31.5.2018.pdf\">Z\u00e1pis VV KSH 31.5.2018<\/a><\/p>\n<p><a href=\"https:\/\/kshol.hasici-ol.cz\/wp-content\/uploads\/2018\/05\/z\u00e1pis-z-VV-HSH-5.4.-2018.pdf\"><span style=\"color: #800000;\">Z\u00e1pis VV KSH 5.4.2018<\/span><\/a><\/p>\n<p><a href=\"https:\/\/kshol.hasici-ol.cz\/wp-content\/uploads\/2018\/03\/Z\u00e1pis-VV-KSH-1.2.2018.pdf\" target=\"_blank\" rel=\"noopener\"><span style=\"color: #800000;\">Z\u00e1pis VV KSH 1.2.2018<\/span><\/a><\/p>\n","protected":false},"excerpt":{"rendered":"<p>V\u00fdkonn\u00fd v\u00fdbor: 2026: Z\u00e1pis VV KSH 22.01.2026 2025: Z\u00e1pis VV KSH 30.10.2025 Z\u00e1pis VV KSH 25.09.2025 Z\u00e1pis VV KSH 07.08.2025 Z\u00e1pis VV KSH 20.05.2025 Z\u00e1pis SP OSH OLK 03.04.2025 Z\u00e1pis VV KSH 30.01.2025 2024: Zapis VV KSH 28.11.2024 Zapis VV KSH 26.09.2024 Zapis VV KSH 16.05.2024 zapis_SP OSH KSH OLK 11.04.2024 Z\u00e1pis VV KSH 08.02.2024 2023 Z\u00e1pis VV KSH 30.11.2023 [&hellip;]<\/p>\n","protected":false},"author":1,"featured_media":0,"parent":0,"menu_order":5,"comment_status":"closed","ping_status":"closed","template":"","meta":{"footnotes":""},"class_list":["post-78","page","type-page","status-publish","hentry"],"_links":{"self":[{"href":"https:\/\/kshol.hasici-ol.cz\/index.php\/wp-json\/wp\/v2\/pages\/78","targetHints":{"allow":["GET"]}}],"collection":[{"href":"https:\/\/kshol.hasici-ol.cz\/index.php\/wp-json\/wp\/v2\/pages"}],"about":[{"href":"https:\/\/kshol.hasici-ol.cz\/index.php\/wp-json\/wp\/v2\/types\/page"}],"author":[{"embeddable":true,"href":"https:\/\/kshol.hasici-ol.cz\/index.php\/wp-json\/wp\/v2\/users\/1"}],"replies":[{"embeddable":true,"href":"https:\/\/kshol.hasici-ol.cz\/index.php\/wp-json\/wp\/v2\/comments?post=78"}],"version-history":[{"count":29,"href":"https:\/\/kshol.hasici-ol.cz\/index.php\/wp-json\/wp\/v2\/pages\/78\/revisions"}],"predecessor-version":[{"id":538,"href":"https:\/\/kshol.hasici-ol.cz\/index.php\/wp-json\/wp\/v2\/pages\/78\/revisions\/538"}],"wp:attachment":[{"href":"https:\/\/kshol.hasici-ol.cz\/index.php\/wp-json\/wp\/v2\/media?parent=78"}],"curies":[{"name":"wp","href":"https:\/\/api.w.org\/{rel}","templated":true}]}}