{"id":80,"date":"2018-01-10T08:55:09","date_gmt":"2018-01-10T07:55:09","guid":{"rendered":"http:\/\/kshol.hasici-ol.cz\/?page_id=80"},"modified":"2023-07-11T11:14:19","modified_gmt":"2023-07-11T09:14:19","slug":"kontakty","status":"publish","type":"page","link":"https:\/\/kshol.hasici-ol.cz\/index.php\/kontakty\/","title":{"rendered":"Kontakty"},"content":{"rendered":"<p><strong><span style=\"color: #ff0000;\">Kancel\u00e1\u0159 KSH<\/span>:<\/strong><\/p>\n<p><span style=\"color: #000000;\">starostka &#8211; \u0160vubov\u00e1 Vlastimila &#8211; tel. 737 908 221<\/span><br \/>\n<span style=\"color: #000000;\">Zam. kancel\u00e1\u0159e &#8211; Ivana \u010cepov\u00e1<\/span><br \/>\n<span style=\"color: #000000;\">pevn\u00e1 linka: 950 770 690<\/span><\/p>\n<p><span style=\"color: #000000;\">e-mail: kshol.kr@seznam.cz<\/span><\/p>\n","protected":false},"excerpt":{"rendered":"<p>Kancel\u00e1\u0159 KSH: starostka &#8211; \u0160vubov\u00e1 Vlastimila &#8211; tel. 737 908 221 Zam. kancel\u00e1\u0159e &#8211; Ivana \u010cepov\u00e1 pevn\u00e1 linka: 950 770 690 e-mail: kshol.kr@seznam.cz<\/p>\n","protected":false},"author":1,"featured_media":0,"parent":0,"menu_order":6,"comment_status":"closed","ping_status":"closed","template":"","meta":{"footnotes":""},"class_list":["post-80","page","type-page","status-publish","hentry"],"_links":{"self":[{"href":"https:\/\/kshol.hasici-ol.cz\/index.php\/wp-json\/wp\/v2\/pages\/80","targetHints":{"allow":["GET"]}}],"collection":[{"href":"https:\/\/kshol.hasici-ol.cz\/index.php\/wp-json\/wp\/v2\/pages"}],"about":[{"href":"https:\/\/kshol.hasici-ol.cz\/index.php\/wp-json\/wp\/v2\/types\/page"}],"author":[{"embeddable":true,"href":"https:\/\/kshol.hasici-ol.cz\/index.php\/wp-json\/wp\/v2\/users\/1"}],"replies":[{"embeddable":true,"href":"https:\/\/kshol.hasici-ol.cz\/index.php\/wp-json\/wp\/v2\/comments?post=80"}],"version-history":[{"count":7,"href":"https:\/\/kshol.hasici-ol.cz\/index.php\/wp-json\/wp\/v2\/pages\/80\/revisions"}],"predecessor-version":[{"id":453,"href":"https:\/\/kshol.hasici-ol.cz\/index.php\/wp-json\/wp\/v2\/pages\/80\/revisions\/453"}],"wp:attachment":[{"href":"https:\/\/kshol.hasici-ol.cz\/index.php\/wp-json\/wp\/v2\/media?parent=80"}],"curies":[{"name":"wp","href":"https:\/\/api.w.org\/{rel}","templated":true}]}}